{"id":1905,"date":"2026-03-26T17:26:06","date_gmt":"2026-03-26T09:26:06","guid":{"rendered":"https:\/\/hipadroller.com\/?page_id=1905"},"modified":"2026-04-07T18:09:59","modified_gmt":"2026-04-07T10:09:59","slug":"privacy-policy","status":"publish","type":"page","link":"https:\/\/hipadroller.com\/de\/privacy-policy\/","title":{"rendered":"Privacy Policy"},"content":{"rendered":"<h2 class=\"wp-block-heading\">Wer wir sind<\/h2>\r\n\r\n\r\n\r\n<p><strong class=\"privacy-policy-tutorial\">Vorgeschlagener Text: <\/strong>Unsere Website-Adresse lautet: https:\/\/hipadroller.com.<\/p>\r\n\r\n\r\n\r\n<h2 class=\"wp-block-heading\">Kommentare<\/h2>\r\n\r\n\r\n\r\n<p><strong class=\"privacy-policy-tutorial\">Vorgeschlagener Text: <\/strong>Wenn Besucher Kommentare auf der Website hinterlassen, erfassen wir die im Kommentarformular angezeigten Daten sowie die IP-Adresse des Besuchers und den User-Agent-String des Browsers, um Spam-Erkennung zu unterst\u00fctzen.<\/p>\r\n\r\n\r\n\r\n<p>Eine anonymisierte Zeichenfolge, die aus Ihrer E-Mail-Adresse erstellt wurde (auch als Hash bezeichnet), kann dem Gravatar-Dienst bereitgestellt werden, um zu sehen, ob Sie ihn verwenden. Die Datenschutzrichtlinie des Gravatar-Dienstes ist hier verf\u00fcgbar: https:\/\/automattic.com\/privacy\/. Nach Genehmigung Ihres Kommentars ist Ihr Profilbild im Kontext Ihres Kommentars \u00f6ffentlich sichtbar.<\/p>\r\n\r\n\r\n\r\n<h2 class=\"wp-block-heading\">Medien<\/h2>\r\n\r\n\r\n\r\n<p><strong class=\"privacy-policy-tutorial\">Vorgeschlagener Text: <\/strong>Wenn Sie Bilder auf die Website hochladen, sollten Sie vermeiden, Bilder mit eingebetteten Standortdaten (EXIF GPS) hochzuladen. Besucher der Website k\u00f6nnen Standortdaten von Bildern auf der Website herunterladen und extrahieren.<\/p>\r\n\r\n\r\n\r\n<h2 class=\"wp-block-heading\">Cookies<\/h2>\r\n\r\n\r\n\r\n<p><strong class=\"privacy-policy-tutorial\">Vorgeschlagener Text: <\/strong>Wenn Sie einen Kommentar auf unserer Seite hinterlassen, k\u00f6nnen Sie zustimmen, Ihren Namen, Ihre E-Mail-Adresse und Ihre Website in Cookies zu speichern. Dies dient Ihrer Bequemlichkeit, damit Sie Ihre Angaben nicht erneut eingeben m\u00fcssen, wenn Sie einen weiteren Kommentar hinterlassen. Diese Cookies halten ein Jahr.<\/p>\r\n\r\n\r\n\r\n<p>Wenn Sie unsere Anmeldeseite besuchen, setzen wir ein tempor\u00e4res Cookie, um festzustellen, ob Ihr Browser Cookies akzeptiert. Dieses Cookie enth\u00e4lt keine pers\u00f6nlichen Daten und wird verworfen, wenn Sie Ihren Browser schlie\u00dfen.<\/p>\r\n\r\n\r\n\r\n<p>Wenn Sie sich anmelden, richten wir mehrere Cookies ein, um Ihre Anmeldeinformationen und Ihre Bildschirmanzeigeoptionen zu speichern. Anmeldecookies bleiben zwei Tage g\u00fcltig, Bildschirmoptionscookies ein Jahr. Wenn Sie \u201eAngemeldet bleiben\u201c ausw\u00e4hlen, bleibt Ihre Anmeldung zwei Wochen bestehen. Wenn Sie sich aus Ihrem Konto abmelden, werden die Anmeldecookies entfernt.<\/p>\r\n\r\n\r\n\r\n<p>Wenn Sie einen Artikel bearbeiten oder ver\u00f6ffentlichen, wird ein zus\u00e4tzliches Cookie in Ihrem Browser gespeichert. Dieses Cookie enth\u00e4lt keine pers\u00f6nlichen Daten und zeigt einfach die Post-ID des Artikels an, den Sie gerade bearbeitet haben. Es l\u00e4uft nach 1 Tag ab.<\/p>\r\n\r\n\r\n\r\n<h2 class=\"wp-block-heading\">Eingebettete Inhalte von anderen Websites<\/h2>\r\n\r\n\r\n\r\n<p><strong class=\"privacy-policy-tutorial\">Vorgeschlagener Text: <\/strong>Artikel auf dieser Seite k\u00f6nnen eingebettete Inhalte (z. B. Videos, Bilder, Artikel usw.) enthalten. Eingebettete Inhalte von anderen Websites verhalten sich genau so, als ob der Besucher die andere Website besucht h\u00e4tte.<\/p>\r\n\r\n\r\n\r\n<p>Diese Websites k\u00f6nnen Daten \u00fcber Sie sammeln, Cookies verwenden, zus\u00e4tzliche Drittanbieter-Tracking-Tools einbetten und Ihre Interaktion mit diesem eingebetteten Inhalt \u00fcberwachen, einschlie\u00dflich der Verfolgung Ihrer Interaktion mit dem eingebetteten Inhalt, wenn Sie ein Konto haben und bei dieser Website angemeldet sind.<\/p>\r\n\r\n\r\n\r\n<h2 class=\"wp-block-heading\">Mit wem wir Ihre Daten teilen<\/h2>\r\n\r\n\r\n\r\n<p><strong class=\"privacy-policy-tutorial\">Vorgeschlagener Text: <\/strong>Wenn Sie einen Passwortreset anfordern, wird Ihre IP-Adresse in der Reset-E-Mail enthalten sein.<\/p>\r\n\r\n\r\n\r\n<h2 class=\"wp-block-heading\">Wie lange wir Ihre Daten aufbewahren<\/h2>\r\n\r\n\r\n\r\n<p><strong class=\"privacy-policy-tutorial\">Vorgeschlagener Text: <\/strong>Wenn Sie einen Kommentar hinterlassen, werden der Kommentar und seine Metadaten unbegrenzt aufbewahrt. Dies geschieht, damit wir alle Folgek Kommentare automatisch erkennen und genehmigen k\u00f6nnen, anstatt sie in einer Moderationswarteschlange zu halten.<\/p>\r\n\r\n\r\n\r\n<p>F\u00fcr Benutzer, die sich auf unserer Website registrieren (falls vorhanden), speichern wir auch die pers\u00f6nlichen Informationen, die sie in ihrem Benutzerprofil bereitstellen. Alle Benutzer k\u00f6nnen ihre pers\u00f6nlichen Informationen jederzeit einsehen, bearbeiten oder l\u00f6schen (au\u00dfer dass sie ihren Benutzernamen nicht \u00e4ndern k\u00f6nnen). Website-Administratoren k\u00f6nnen diese Informationen ebenfalls einsehen und bearbeiten.<\/p>\r\n\r\n\r\n\r\n<h2 class=\"wp-block-heading\">Welche Rechte Sie \u00fcber Ihre Daten haben<\/h2>\r\n\r\n\r\n\r\n<p><strong class=\"privacy-policy-tutorial\">Vorgeschlagener Text: <\/strong>Wenn Sie ein Konto auf dieser Seite haben oder Kommentare hinterlassen haben, k\u00f6nnen Sie anfordern, eine exportierte Datei der pers\u00f6nlichen Daten zu erhalten, die wir \u00fcber Sie gespeichert haben, einschlie\u00dflich aller Daten, die Sie uns bereitgestellt haben. Sie k\u00f6nnen auch anfordern, dass wir alle pers\u00f6nlichen Daten, die wir \u00fcber Sie gespeichert haben, l\u00f6schen. Dies umfasst keine Daten, die wir aus Verwaltungs-, rechtlichen oder sicherheitsrelevanten Gr\u00fcnden aufbewahren m\u00fcssen.<\/p>\r\n\r\n\r\n\r\n<h2 class=\"wp-block-heading\">Wohin Ihre Daten gesendet werden<\/h2>\r\n\r\n\r\n\r\n<p><strong class=\"privacy-policy-tutorial\">Vorgeschlagener Text: <\/strong>Besucherkommentare k\u00f6nnen durch einen automatisierten Spam-Erkennungsdienst \u00fcberpr\u00fcft werden.<\/p>\r\n\r\n<p>&nbsp;<\/p>","protected":false},"excerpt":{"rendered":"<p>Who we are Suggested text: Our website address is: https:\/\/hipadroller.com. Comments Suggested text: When visitors leave comments on the site we collect the data shown in the comments form, and also the visitor\u2019s IP address and browser user agent string to help spam detection. An anonymized string created from your email address (also called a [&hellip;]<\/p>\n","protected":false},"author":1,"featured_media":0,"parent":0,"menu_order":0,"comment_status":"closed","ping_status":"closed","template":"privacy.php","meta":{"_acf_changed":false,"footnotes":""},"class_list":["post-1905","page","type-page","status-publish","hentry"],"acf":[],"_links":{"self":[{"href":"https:\/\/hipadroller.com\/de\/wp-json\/wp\/v2\/pages\/1905","targetHints":{"allow":["GET"]}}],"collection":[{"href":"https:\/\/hipadroller.com\/de\/wp-json\/wp\/v2\/pages"}],"about":[{"href":"https:\/\/hipadroller.com\/de\/wp-json\/wp\/v2\/types\/page"}],"author":[{"embeddable":true,"href":"https:\/\/hipadroller.com\/de\/wp-json\/wp\/v2\/users\/1"}],"replies":[{"embeddable":true,"href":"https:\/\/hipadroller.com\/de\/wp-json\/wp\/v2\/comments?post=1905"}],"version-history":[{"count":2,"href":"https:\/\/hipadroller.com\/de\/wp-json\/wp\/v2\/pages\/1905\/revisions"}],"predecessor-version":[{"id":1997,"href":"https:\/\/hipadroller.com\/de\/wp-json\/wp\/v2\/pages\/1905\/revisions\/1997"}],"wp:attachment":[{"href":"https:\/\/hipadroller.com\/de\/wp-json\/wp\/v2\/media?parent=1905"}],"curies":[{"name":"wp","href":"https:\/\/api.w.org\/{rel}","templated":true}]}}