{"id":1905,"date":"2026-03-26T17:26:06","date_gmt":"2026-03-26T09:26:06","guid":{"rendered":"https:\/\/hipadroller.com\/?page_id=1905"},"modified":"2026-04-07T18:09:59","modified_gmt":"2026-04-07T10:09:59","slug":"privacy-policy","status":"publish","type":"page","link":"https:\/\/hipadroller.com\/pt\/privacy-policy\/","title":{"rendered":"Privacy Policy"},"content":{"rendered":"<h2 class=\"wp-block-heading\">Quem somos<\/h2>\r\n\r\n\r\n\r\n<p><strong class=\"privacy-policy-tutorial\">Texto sugerido: <\/strong>O nosso endere\u00e7o de website \u00e9: https:\/\/hipadroller.com.<\/p>\r\n\r\n\r\n\r\n<h2 class=\"wp-block-heading\">Coment\u00e1rios<\/h2>\r\n\r\n\r\n\r\n<p><strong class=\"privacy-policy-tutorial\">Texto sugerido: <\/strong>Quando os visitantes deixam coment\u00e1rios no site, recolhemos os dados mostrados no formul\u00e1rio de coment\u00e1rios, bem como o endere\u00e7o IP e a string de agente do navegador do visitante para ajudar na dete\u00e7\u00e3o de spam.<\/p>\r\n\r\n\r\n\r\n<p>Uma string anonimizada criada a partir do seu endere\u00e7o de e-mail (tamb\u00e9m chamada de hash) pode ser fornecida ao servi\u00e7o Gravatar para ver se est\u00e1 a us\u00e1-lo. A pol\u00edtica de privacidade do servi\u00e7o Gravatar est\u00e1 dispon\u00edvel aqui: https:\/\/automattic.com\/privacy\/. Ap\u00f3s a aprova\u00e7\u00e3o do seu coment\u00e1rio, a sua imagem de perfil \u00e9 vis\u00edvel ao p\u00fablico no contexto do seu coment\u00e1rio.<\/p>\r\n\r\n\r\n\r\n<h2 class=\"wp-block-heading\">M\u00eddia<\/h2>\r\n\r\n\r\n\r\n<p><strong class=\"privacy-policy-tutorial\">Texto sugerido: <\/strong>Se carregar imagens no website, deve evitar carregar imagens com dados de localiza\u00e7\u00e3o incorporados (EXIF GPS) inclu\u00eddos. Os visitantes do website podem descarregar e extrair qualquer dado de localiza\u00e7\u00e3o das imagens no website.<\/p>\r\n\r\n\r\n\r\n<h2 class=\"wp-block-heading\">Cookies<\/h2>\r\n\r\n\r\n\r\n<p><strong class=\"privacy-policy-tutorial\">Texto sugerido: <\/strong>Se deixar um coment\u00e1rio no nosso site, pode optar por guardar o seu nome, endere\u00e7o de e-mail e website em cookies. Estes servem para sua conveni\u00eancia, de forma a n\u00e3o ter de preencher novamente os seus dados quando deixar outro coment\u00e1rio. Estes cookies durar\u00e3o um ano.<\/p>\r\n\r\n\r\n\r\n<p>Se visitar a nossa p\u00e1gina de login, iremos definir um cookie tempor\u00e1rio para determinar se o seu navegador aceita cookies. Este cookie n\u00e3o cont\u00e9m dados pessoais e \u00e9 descartado quando fecha o seu navegador.<\/p>\r\n\r\n\r\n\r\n<p>Quando inicia sess\u00e3o, configuramos v\u00e1rios cookies para guardar as informa\u00e7\u00f5es de login e as suas escolhas de exibi\u00e7\u00e3o de ecr\u00e3. Os cookies de login duram dois dias, e os cookies de op\u00e7\u00f5es de ecr\u00e3 duram um ano. Se selecionar \"Lembrar-me\", o seu login persistir\u00e1 por duas semanas. Se fizer logout da sua conta, os cookies de login ser\u00e3o removidos.<\/p>\r\n\r\n\r\n\r\n<p>Se editar ou publicar um artigo, um cookie adicional ser\u00e1 salvo no seu navegador. Este cookie n\u00e3o inclui dados pessoais e simplesmente indica o ID do post do artigo que acabou de editar. Expira ap\u00f3s 1 dia.<\/p>\r\n\r\n\r\n\r\n<h2 class=\"wp-block-heading\">Conte\u00fado embutido de outros sites<\/h2>\r\n\r\n\r\n\r\n<p><strong class=\"privacy-policy-tutorial\">Texto sugerido: <\/strong>Os artigos neste site podem incluir conte\u00fado embutido (por exemplo, v\u00eddeos, imagens, artigos, etc.). O conte\u00fado embutido de outros sites comporta-se exatamente da mesma forma como se o visitante tivesse visitado o outro site.<\/p>\r\n\r\n\r\n\r\n<p>Estes sites podem recolher dados sobre si, usar cookies, embutir rastreamento de terceiros adicional e monitorar a sua intera\u00e7\u00e3o com esse conte\u00fado embutido, incluindo rastrear a sua intera\u00e7\u00e3o com o conte\u00fado embutido se voc\u00ea tiver uma conta e estiver logado nesse site.<\/p>\r\n\r\n\r\n\r\n<h2 class=\"wp-block-heading\">Com quem partilhamos os seus dados<\/h2>\r\n\r\n\r\n\r\n<p><strong class=\"privacy-policy-tutorial\">Texto sugerido: <\/strong>Se solicitar uma redefini\u00e7\u00e3o de senha, o seu endere\u00e7o IP ser\u00e1 inclu\u00eddo no e-mail de redefini\u00e7\u00e3o.<\/p>\r\n\r\n\r\n\r\n<h2 class=\"wp-block-heading\">Quanto tempo retemos os seus dados<\/h2>\r\n\r\n\r\n\r\n<p><strong class=\"privacy-policy-tutorial\">Texto sugerido: <\/strong>Se deixar um coment\u00e1rio, o coment\u00e1rio e seus metadados s\u00e3o retidos indefinidamente. Isto \u00e9 para que possamos reconhecer e aprovar automaticamente quaisquer coment\u00e1rios de seguimento, em vez de mant\u00ea-los numa fila de modera\u00e7\u00e3o.<\/p>\r\n\r\n\r\n\r\n<p>Para os utilizadores que se registam no nosso website (se houver), tamb\u00e9m armazenamos as informa\u00e7\u00f5es pessoais que fornecem no seu perfil de utilizador. Todos os utilizadores podem ver, editar ou eliminar suas informa\u00e7\u00f5es pessoais a qualquer momento (exceto que n\u00e3o podem mudar seu nome de utilizador). Os administradores do website tamb\u00e9m podem ver e editar essas informa\u00e7\u00f5es.<\/p>\r\n\r\n\r\n\r\n<h2 class=\"wp-block-heading\">Que direitos voc\u00ea tem sobre seus dados<\/h2>\r\n\r\n\r\n\r\n<p><strong class=\"privacy-policy-tutorial\">Texto sugerido: <\/strong>Se voc\u00ea tiver uma conta neste site, ou tiver deixado coment\u00e1rios, pode solicitar receber um arquivo exportado dos dados pessoais que temos sobre voc\u00ea, incluindo quaisquer dados que voc\u00ea nos tenha fornecido. Voc\u00ea tamb\u00e9m pode solicitar que apaguemos quaisquer dados pessoais que temos sobre voc\u00ea. Isso n\u00e3o inclui quaisquer dados que somos obrigados a manter por raz\u00f5es administrativas, legais ou de seguran\u00e7a.<\/p>\r\n\r\n\r\n\r\n<h2 class=\"wp-block-heading\">Para onde os seus dados s\u00e3o enviados<\/h2>\r\n\r\n\r\n\r\n<p><strong class=\"privacy-policy-tutorial\">Texto sugerido: <\/strong>Os coment\u00e1rios dos visitantes podem ser verificados atrav\u00e9s de um servi\u00e7o autom\u00e1tico de dete\u00e7\u00e3o de spam.<\/p>\r\n\r\n<p>&nbsp;<\/p>","protected":false},"excerpt":{"rendered":"<p>Who we are Suggested text: Our website address is: https:\/\/hipadroller.com. Comments Suggested text: When visitors leave comments on the site we collect the data shown in the comments form, and also the visitor\u2019s IP address and browser user agent string to help spam detection. An anonymized string created from your email address (also called a [&hellip;]<\/p>\n","protected":false},"author":1,"featured_media":0,"parent":0,"menu_order":0,"comment_status":"closed","ping_status":"closed","template":"privacy.php","meta":{"_acf_changed":false,"footnotes":""},"class_list":["post-1905","page","type-page","status-publish","hentry"],"acf":[],"_links":{"self":[{"href":"https:\/\/hipadroller.com\/pt\/wp-json\/wp\/v2\/pages\/1905","targetHints":{"allow":["GET"]}}],"collection":[{"href":"https:\/\/hipadroller.com\/pt\/wp-json\/wp\/v2\/pages"}],"about":[{"href":"https:\/\/hipadroller.com\/pt\/wp-json\/wp\/v2\/types\/page"}],"author":[{"embeddable":true,"href":"https:\/\/hipadroller.com\/pt\/wp-json\/wp\/v2\/users\/1"}],"replies":[{"embeddable":true,"href":"https:\/\/hipadroller.com\/pt\/wp-json\/wp\/v2\/comments?post=1905"}],"version-history":[{"count":2,"href":"https:\/\/hipadroller.com\/pt\/wp-json\/wp\/v2\/pages\/1905\/revisions"}],"predecessor-version":[{"id":1997,"href":"https:\/\/hipadroller.com\/pt\/wp-json\/wp\/v2\/pages\/1905\/revisions\/1997"}],"wp:attachment":[{"href":"https:\/\/hipadroller.com\/pt\/wp-json\/wp\/v2\/media?parent=1905"}],"curies":[{"name":"wp","href":"https:\/\/api.w.org\/{rel}","templated":true}]}}